{"id":606,"date":"2025-04-04T07:22:20","date_gmt":"2025-04-04T07:22:20","guid":{"rendered":"https:\/\/nebuloriabeauty.com\/rechtliche-hinweise\/"},"modified":"2026-04-01T12:05:32","modified_gmt":"2026-04-01T12:05:32","slug":"rechtliche-hinweise","status":"publish","type":"page","link":"https:\/\/nebuloriabeauty.com\/de\/rechtliche-hinweise\/","title":{"rendered":"Rechtliche Hinweise"},"content":{"rendered":"\t\t<div data-elementor-type=\"wp-page\" data-elementor-id=\"606\" class=\"elementor elementor-606 elementor-14\" data-elementor-post-type=\"page\">\n\t\t\t\t<div class=\"elementor-element elementor-element-9a900d6 e-flex e-con-boxed e-con e-parent\" data-id=\"9a900d6\" data-element_type=\"container\" data-settings=\"{&quot;background_background&quot;:&quot;classic&quot;}\">\n\t\t\t\t\t<div class=\"e-con-inner\">\n\t\t<div class=\"elementor-element elementor-element-b101498 e-flex e-con-boxed e-con e-child\" data-id=\"b101498\" data-element_type=\"container\" data-settings=\"{&quot;background_background&quot;:&quot;classic&quot;}\">\n\t\t\t\t\t<div class=\"e-con-inner\">\n\t\t<div class=\"elementor-element elementor-element-ab33a90 e-flex e-con-boxed e-con e-child\" data-id=\"ab33a90\" data-element_type=\"container\">\n\t\t\t\t\t<div class=\"e-con-inner\">\n\t\t<div class=\"elementor-element elementor-element-5185449 e-con-full e-flex e-con e-child\" data-id=\"5185449\" data-element_type=\"container\">\n\t\t\t\t<div class=\"elementor-element elementor-element-6ce11f2 elementor-widget elementor-widget-heading\" data-id=\"6ce11f2\" data-element_type=\"widget\" data-widget_type=\"heading.default\">\n\t\t\t\t<div class=\"elementor-widget-container\">\n\t\t\t\t\t<h1 class=\"elementor-heading-title elementor-size-default\">Rechtliche Hinweise\n<\/h1>\t\t\t\t<\/div>\n\t\t\t\t<\/div>\n\t\t\t\t<\/div>\n\t\t\t\t\t<\/div>\n\t\t\t\t<\/div>\n\t\t<div class=\"elementor-element elementor-element-324a905 e-con-full animated-slow e-flex elementor-invisible e-con e-child\" data-id=\"324a905\" data-element_type=\"container\" data-settings=\"{&quot;background_background&quot;:&quot;classic&quot;,&quot;animation&quot;:&quot;fadeIn&quot;}\">\n\t\t\t\t<div class=\"elementor-element elementor-element-8588558 elementor-widget elementor-widget-image\" data-id=\"8588558\" data-element_type=\"widget\" data-widget_type=\"image.default\">\n\t\t\t\t<div class=\"elementor-widget-container\">\n\t\t\t\t\t\t\t\t\t\t\t\t\t\t\t<img fetchpriority=\"high\" decoding=\"async\" width=\"800\" height=\"837\" src=\"https:\/\/nebuloriabeauty.com\/wp-content\/uploads\/2025\/04\/Dokum-view-1-979x1024.jpg\" class=\"attachment-large size-large wp-image-607\" alt=\"\" srcset=\"https:\/\/nebuloriabeauty.com\/wp-content\/uploads\/2025\/04\/Dokum-view-1-979x1024.jpg 979w, https:\/\/nebuloriabeauty.com\/wp-content\/uploads\/2025\/04\/Dokum-view-1-287x300.jpg 287w, https:\/\/nebuloriabeauty.com\/wp-content\/uploads\/2025\/04\/Dokum-view-1-768x804.jpg 768w, https:\/\/nebuloriabeauty.com\/wp-content\/uploads\/2025\/04\/Dokum-view-1-1468x1536.jpg 1468w, https:\/\/nebuloriabeauty.com\/wp-content\/uploads\/2025\/04\/Dokum-view-1-1957x2048.jpg 1957w\" sizes=\"(max-width: 800px) 100vw, 800px\" \/>\t\t\t\t\t\t\t\t\t\t\t\t\t\t\t<\/div>\n\t\t\t\t<\/div>\n\t\t\t\t<\/div>\n\t\t\t\t\t<\/div>\n\t\t\t\t<\/div>\n\t\t\t\t\t<\/div>\n\t\t\t\t<\/div>\n\t\t<div class=\"elementor-element elementor-element-cdccf18 e-flex e-con-boxed e-con e-parent\" data-id=\"cdccf18\" data-element_type=\"container\" data-settings=\"{&quot;background_background&quot;:&quot;classic&quot;}\">\n\t\t\t\t\t<div class=\"e-con-inner\">\n\t\t<div class=\"elementor-element elementor-element-18c4871 e-flex e-con-boxed e-con e-child\" data-id=\"18c4871\" data-element_type=\"container\" data-settings=\"{&quot;background_background&quot;:&quot;classic&quot;}\">\n\t\t\t\t\t<div class=\"e-con-inner\">\n\t\t\t\t<div class=\"elementor-element elementor-element-48f653c elementor-widget elementor-widget-heading\" data-id=\"48f653c\" data-element_type=\"widget\" data-widget_type=\"heading.default\">\n\t\t\t\t<div class=\"elementor-widget-container\">\n\t\t\t\t\t<h2 class=\"elementor-heading-title elementor-size-default\">1. Gesetzliche Informationen<\/h2>\t\t\t\t<\/div>\n\t\t\t\t<\/div>\n\t\t\t\t<div class=\"elementor-element elementor-element-188956d elementor-widget elementor-widget-text-editor\" data-id=\"188956d\" data-element_type=\"widget\" data-widget_type=\"text-editor.default\">\n\t\t\t\t<div class=\"elementor-widget-container\">\n\t\t\t\t\t\t\t\t\t<p>Gem\u00e4\u00df Artikel 6-III und 19 des Gesetzes f\u00fcr Vertrauen in der digitalen Wirtschaft informieren wir Sie, dass diese Website von :<\/p><p>OVH SAS mit einem Kapital von 10.069.020 \u20ac.<\/p><p>RCS Lille M\u00e9tropole 424 761 419 00045<\/p><p>APE-Code 2620Z<\/p><p>MWST.-NR.: FR 22 424 761 419<\/p><p>Eingetragener Sitz: 2 rue Kellermann &#8211; 59100 Roubaix &#8211; Frankreich<\/p>\t\t\t\t\t\t\t\t<\/div>\n\t\t\t\t<\/div>\n\t\t\t\t<div class=\"elementor-element elementor-element-48d7276 elementor-widget elementor-widget-heading\" data-id=\"48d7276\" data-element_type=\"widget\" data-widget_type=\"heading.default\">\n\t\t\t\t<div class=\"elementor-widget-container\">\n\t\t\t\t\t<h3 class=\"elementor-heading-title elementor-size-default\">2. Copyright und geistiges Eigentum<\/h3>\t\t\t\t<\/div>\n\t\t\t\t<\/div>\n\t\t\t\t<div class=\"elementor-element elementor-element-53abbec elementor-widget elementor-widget-text-editor\" data-id=\"53abbec\" data-element_type=\"widget\" data-widget_type=\"text-editor.default\">\n\t\t\t\t<div class=\"elementor-widget-container\">\n\t\t\t\t\t\t\t\t\tAlle Elemente auf unserer Website sind durch die Bestimmungen des Gesetzes \u00fcber geistiges Eigentum (Code de la Propri\u00e9t\u00e9 Intellectuelle) gesch\u00fctzt. Daher ist jede vollst\u00e4ndige oder teilweise Vervielf\u00e4ltigung oder Nachahmung ohne unsere ausdr\u00fcckliche, vorherige und schriftliche Zustimmung untersagt.\n\nEs ist ausdr\u00fccklich verboten, die auf der Website verf\u00fcgbaren Informationen f\u00fcr kommerzielle Zwecke zu sammeln und zu nutzen.\n\nDieses Verbot erstreckt sich insbesondere, aber nicht ausschlie\u00dflich, auf alle redaktionellen Elemente auf der Website, die Bildschirmdarstellung, die f\u00fcr den Betrieb erforderliche Software, Logos, Bilder, Fotos, Grafiken, welcher Art auch immer.\t\t\t\t\t\t\t\t<\/div>\n\t\t\t\t<\/div>\n\t\t\t\t<div class=\"elementor-element elementor-element-4bb3e15 elementor-widget elementor-widget-heading\" data-id=\"4bb3e15\" data-element_type=\"widget\" data-widget_type=\"heading.default\">\n\t\t\t\t<div class=\"elementor-widget-container\">\n\t\t\t\t\t<h3 class=\"elementor-heading-title elementor-size-default\">3. Cookies<\/h3>\t\t\t\t<\/div>\n\t\t\t\t<\/div>\n\t\t\t\t<div class=\"elementor-element elementor-element-b4b1347 elementor-widget elementor-widget-text-editor\" data-id=\"b4b1347\" data-element_type=\"widget\" data-widget_type=\"text-editor.default\">\n\t\t\t\t<div class=\"elementor-widget-container\">\n\t\t\t\t\t\t\t\t\tDiese Website verwendet Cookies, und der Webserver sammelt Informationen dar\u00fcber, wie unsere Website genutzt wird. Zu den gesammelten Informationen geh\u00f6ren zum Beispiel Datum und Uhrzeit der Besuche, die Anzahl der Seitenaufrufe und die Zeit, die Sie auf unserer Website verbringen. Die gesammelten Informationen werden nicht f\u00fcr andere Zwecke verwendet, insbesondere werden sie ohne Ihre Zustimmung nicht f\u00fcr kommerzielle Zwecke verwendet. Cookies sind kleine Textdateien, die eine anonyme Kennung enthalten. Wenn Sie eine Website besuchen, fragt die Website Ihren Computer um Erlaubnis, diese Datei in einem f\u00fcr Cookies vorgesehenen Verzeichnis auf Ihrer Festplatte zu speichern. Jede Website kann ihr eigenes Cookie speichern, wenn die Einstellungen Ihres Browsers dies zulassen, aber um Ihre Privatsph\u00e4re zu sch\u00fctzen, erlaubt Ihr Browser einer Website nur den Zugriff auf das Cookie, das sie selbst gespeichert hat, und nicht auf Cookies, die von anderen Websites gespeichert wurden.\t\t\t\t\t\t\t\t<\/div>\n\t\t\t\t<\/div>\n\t\t\t\t\t<\/div>\n\t\t\t\t<\/div>\n\t\t\t\t<div class=\"elementor-element elementor-element-c856a42 elementor-widget elementor-widget-html\" data-id=\"c856a42\" data-element_type=\"widget\" data-widget_type=\"html.default\">\n\t\t\t\t<div class=\"elementor-widget-container\">\n\t\t\t\t\t<!-- f1ee1b055fb37960f382521608d21785 -->\t\t\t\t<\/div>\n\t\t\t\t<\/div>\n\t\t\t\t\t<\/div>\n\t\t\t\t<\/div>\n\t\t\t\t<\/div>\n\t\t","protected":false},"excerpt":{"rendered":"<p>Rechtliche Hinweise 1. Gesetzliche Informationen Gem\u00e4\u00df Artikel 6-III und 19 des Gesetzes f\u00fcr Vertrauen in der digitalen Wirtschaft informieren wir Sie, dass diese Website von : OVH SAS mit einem Kapital von 10.069.020 \u20ac. RCS Lille M\u00e9tropole 424 761 419 00045 APE-Code 2620Z MWST.-NR.: FR 22 424 761 419 Eingetragener Sitz: 2 rue Kellermann &#8211; [&hellip;]<\/p>\n","protected":false},"author":2,"featured_media":0,"parent":0,"menu_order":0,"comment_status":"closed","ping_status":"closed","template":"","meta":{"footnotes":""},"class_list":["post-606","page","type-page","status-publish","hentry"],"yoast_head":"<!-- This site is optimized with the Yoast SEO plugin v24.8.1 - https:\/\/yoast.com\/wordpress\/plugins\/seo\/ -->\n<title>Rechtliche Hinweise - NebuloriaBeauty.com%<\/title>\n<meta name=\"robots\" content=\"noindex, nofollow\" \/>\n<meta property=\"og:locale\" content=\"de_DE\" \/>\n<meta property=\"og:type\" content=\"article\" \/>\n<meta property=\"og:title\" content=\"Rechtliche Hinweise - NebuloriaBeauty.com%\" \/>\n<meta property=\"og:description\" content=\"Rechtliche Hinweise 1. Gesetzliche Informationen Gem\u00e4\u00df Artikel 6-III und 19 des Gesetzes f\u00fcr Vertrauen in der digitalen Wirtschaft informieren wir Sie, dass diese Website von : OVH SAS mit einem Kapital von 10.069.020 \u20ac. RCS Lille M\u00e9tropole 424 761 419 00045 APE-Code 2620Z MWST.-NR.: FR 22 424 761 419 Eingetragener Sitz: 2 rue Kellermann &#8211; [&hellip;]\" \/>\n<meta property=\"og:url\" content=\"https:\/\/nebuloriabeauty.com\/de\/rechtliche-hinweise\/\" \/>\n<meta property=\"og:site_name\" content=\"NebuloriaBeauty.com\" \/>\n<meta property=\"article:modified_time\" content=\"2026-04-01T12:05:32+00:00\" \/>\n<meta property=\"og:image\" content=\"https:\/\/nebuloriabeauty.com\/wp-content\/uploads\/2025\/04\/Dokum-view-1.jpg\" \/>\n\t<meta property=\"og:image:width\" content=\"2389\" \/>\n\t<meta property=\"og:image:height\" content=\"2500\" \/>\n\t<meta property=\"og:image:type\" content=\"image\/jpeg\" \/>\n<meta name=\"twitter:card\" content=\"summary_large_image\" \/>\n<meta name=\"twitter:label1\" content=\"Gesch\u00e4tzte Lesezeit\" \/>\n\t<meta name=\"twitter:data1\" content=\"1\u00a0Minute\" \/>\n<script type=\"application\/ld+json\" class=\"yoast-schema-graph\">{\"@context\":\"https:\/\/schema.org\",\"@graph\":[{\"@type\":\"WebPage\",\"@id\":\"https:\/\/nebuloriabeauty.com\/de\/rechtliche-hinweise\/\",\"url\":\"https:\/\/nebuloriabeauty.com\/de\/rechtliche-hinweise\/\",\"name\":\"Rechtliche Hinweise - NebuloriaBeauty.com%\",\"isPartOf\":{\"@id\":\"https:\/\/nebuloriabeauty.com\/de\/#website\"},\"primaryImageOfPage\":{\"@id\":\"https:\/\/nebuloriabeauty.com\/de\/rechtliche-hinweise\/#primaryimage\"},\"image\":{\"@id\":\"https:\/\/nebuloriabeauty.com\/de\/rechtliche-hinweise\/#primaryimage\"},\"thumbnailUrl\":\"https:\/\/nebuloriabeauty.com\/wp-content\/uploads\/2025\/04\/Dokum-view-1-979x1024.jpg\",\"datePublished\":\"2025-04-04T07:22:20+00:00\",\"dateModified\":\"2026-04-01T12:05:32+00:00\",\"breadcrumb\":{\"@id\":\"https:\/\/nebuloriabeauty.com\/de\/rechtliche-hinweise\/#breadcrumb\"},\"inLanguage\":\"de\",\"potentialAction\":[{\"@type\":\"ReadAction\",\"target\":[\"https:\/\/nebuloriabeauty.com\/de\/rechtliche-hinweise\/\"]}]},{\"@type\":\"ImageObject\",\"inLanguage\":\"de\",\"@id\":\"https:\/\/nebuloriabeauty.com\/de\/rechtliche-hinweise\/#primaryimage\",\"url\":\"https:\/\/nebuloriabeauty.com\/wp-content\/uploads\/2025\/04\/Dokum-view-1-979x1024.jpg\",\"contentUrl\":\"https:\/\/nebuloriabeauty.com\/wp-content\/uploads\/2025\/04\/Dokum-view-1-979x1024.jpg\"},{\"@type\":\"BreadcrumbList\",\"@id\":\"https:\/\/nebuloriabeauty.com\/de\/rechtliche-hinweise\/#breadcrumb\",\"itemListElement\":[{\"@type\":\"ListItem\",\"position\":1,\"name\":\"Startseite\",\"item\":\"https:\/\/nebuloriabeauty.com\/de\/nebuloriabeauty\/\"},{\"@type\":\"ListItem\",\"position\":2,\"name\":\"Rechtliche Hinweise\"}]},{\"@type\":\"WebSite\",\"@id\":\"https:\/\/nebuloriabeauty.com\/de\/#website\",\"url\":\"https:\/\/nebuloriabeauty.com\/de\/\",\"name\":\"NebuloriaBeauty.com\",\"description\":\"Mein WordPress-Blog\",\"publisher\":{\"@id\":\"https:\/\/nebuloriabeauty.com\/de\/#organization\"},\"potentialAction\":[{\"@type\":\"SearchAction\",\"target\":{\"@type\":\"EntryPoint\",\"urlTemplate\":\"https:\/\/nebuloriabeauty.com\/de\/?s={search_term_string}\"},\"query-input\":{\"@type\":\"PropertyValueSpecification\",\"valueRequired\":true,\"valueName\":\"search_term_string\"}}],\"inLanguage\":\"de\"},{\"@type\":\"Organization\",\"@id\":\"https:\/\/nebuloriabeauty.com\/de\/#organization\",\"name\":\"NebuloriaBeauty.com\",\"url\":\"https:\/\/nebuloriabeauty.com\/de\/\",\"logo\":{\"@type\":\"ImageObject\",\"inLanguage\":\"de\",\"@id\":\"https:\/\/nebuloriabeauty.com\/de\/#\/schema\/logo\/image\/\",\"url\":\"https:\/\/nebuloriabeauty.com\/wp-content\/uploads\/2025\/04\/cropped-Beautyfly.png\",\"contentUrl\":\"https:\/\/nebuloriabeauty.com\/wp-content\/uploads\/2025\/04\/cropped-Beautyfly.png\",\"width\":384,\"height\":153,\"caption\":\"NebuloriaBeauty.com\"},\"image\":{\"@id\":\"https:\/\/nebuloriabeauty.com\/de\/#\/schema\/logo\/image\/\"}}]}<\/script>\n<!-- \/ Yoast SEO plugin. -->","yoast_head_json":{"title":"Rechtliche Hinweise - NebuloriaBeauty.com%","robots":{"index":"noindex","follow":"nofollow"},"og_locale":"de_DE","og_type":"article","og_title":"Rechtliche Hinweise - NebuloriaBeauty.com%","og_description":"Rechtliche Hinweise 1. Gesetzliche Informationen Gem\u00e4\u00df Artikel 6-III und 19 des Gesetzes f\u00fcr Vertrauen in der digitalen Wirtschaft informieren wir Sie, dass diese Website von : OVH SAS mit einem Kapital von 10.069.020 \u20ac. RCS Lille M\u00e9tropole 424 761 419 00045 APE-Code 2620Z MWST.-NR.: FR 22 424 761 419 Eingetragener Sitz: 2 rue Kellermann &#8211; [&hellip;]","og_url":"https:\/\/nebuloriabeauty.com\/de\/rechtliche-hinweise\/","og_site_name":"NebuloriaBeauty.com","article_modified_time":"2026-04-01T12:05:32+00:00","og_image":[{"width":2389,"height":2500,"url":"https:\/\/nebuloriabeauty.com\/wp-content\/uploads\/2025\/04\/Dokum-view-1.jpg","type":"image\/jpeg"}],"twitter_card":"summary_large_image","twitter_misc":{"Gesch\u00e4tzte Lesezeit":"1\u00a0Minute"},"schema":{"@context":"https:\/\/schema.org","@graph":[{"@type":"WebPage","@id":"https:\/\/nebuloriabeauty.com\/de\/rechtliche-hinweise\/","url":"https:\/\/nebuloriabeauty.com\/de\/rechtliche-hinweise\/","name":"Rechtliche Hinweise - NebuloriaBeauty.com%","isPartOf":{"@id":"https:\/\/nebuloriabeauty.com\/de\/#website"},"primaryImageOfPage":{"@id":"https:\/\/nebuloriabeauty.com\/de\/rechtliche-hinweise\/#primaryimage"},"image":{"@id":"https:\/\/nebuloriabeauty.com\/de\/rechtliche-hinweise\/#primaryimage"},"thumbnailUrl":"https:\/\/nebuloriabeauty.com\/wp-content\/uploads\/2025\/04\/Dokum-view-1-979x1024.jpg","datePublished":"2025-04-04T07:22:20+00:00","dateModified":"2026-04-01T12:05:32+00:00","breadcrumb":{"@id":"https:\/\/nebuloriabeauty.com\/de\/rechtliche-hinweise\/#breadcrumb"},"inLanguage":"de","potentialAction":[{"@type":"ReadAction","target":["https:\/\/nebuloriabeauty.com\/de\/rechtliche-hinweise\/"]}]},{"@type":"ImageObject","inLanguage":"de","@id":"https:\/\/nebuloriabeauty.com\/de\/rechtliche-hinweise\/#primaryimage","url":"https:\/\/nebuloriabeauty.com\/wp-content\/uploads\/2025\/04\/Dokum-view-1-979x1024.jpg","contentUrl":"https:\/\/nebuloriabeauty.com\/wp-content\/uploads\/2025\/04\/Dokum-view-1-979x1024.jpg"},{"@type":"BreadcrumbList","@id":"https:\/\/nebuloriabeauty.com\/de\/rechtliche-hinweise\/#breadcrumb","itemListElement":[{"@type":"ListItem","position":1,"name":"Startseite","item":"https:\/\/nebuloriabeauty.com\/de\/nebuloriabeauty\/"},{"@type":"ListItem","position":2,"name":"Rechtliche Hinweise"}]},{"@type":"WebSite","@id":"https:\/\/nebuloriabeauty.com\/de\/#website","url":"https:\/\/nebuloriabeauty.com\/de\/","name":"NebuloriaBeauty.com","description":"Mein WordPress-Blog","publisher":{"@id":"https:\/\/nebuloriabeauty.com\/de\/#organization"},"potentialAction":[{"@type":"SearchAction","target":{"@type":"EntryPoint","urlTemplate":"https:\/\/nebuloriabeauty.com\/de\/?s={search_term_string}"},"query-input":{"@type":"PropertyValueSpecification","valueRequired":true,"valueName":"search_term_string"}}],"inLanguage":"de"},{"@type":"Organization","@id":"https:\/\/nebuloriabeauty.com\/de\/#organization","name":"NebuloriaBeauty.com","url":"https:\/\/nebuloriabeauty.com\/de\/","logo":{"@type":"ImageObject","inLanguage":"de","@id":"https:\/\/nebuloriabeauty.com\/de\/#\/schema\/logo\/image\/","url":"https:\/\/nebuloriabeauty.com\/wp-content\/uploads\/2025\/04\/cropped-Beautyfly.png","contentUrl":"https:\/\/nebuloriabeauty.com\/wp-content\/uploads\/2025\/04\/cropped-Beautyfly.png","width":384,"height":153,"caption":"NebuloriaBeauty.com"},"image":{"@id":"https:\/\/nebuloriabeauty.com\/de\/#\/schema\/logo\/image\/"}}]}},"_links":{"self":[{"href":"https:\/\/nebuloriabeauty.com\/de\/wp-json\/wp\/v2\/pages\/606","targetHints":{"allow":["GET"]}}],"collection":[{"href":"https:\/\/nebuloriabeauty.com\/de\/wp-json\/wp\/v2\/pages"}],"about":[{"href":"https:\/\/nebuloriabeauty.com\/de\/wp-json\/wp\/v2\/types\/page"}],"author":[{"embeddable":true,"href":"https:\/\/nebuloriabeauty.com\/de\/wp-json\/wp\/v2\/users\/2"}],"replies":[{"embeddable":true,"href":"https:\/\/nebuloriabeauty.com\/de\/wp-json\/wp\/v2\/comments?post=606"}],"version-history":[{"count":1,"href":"https:\/\/nebuloriabeauty.com\/de\/wp-json\/wp\/v2\/pages\/606\/revisions"}],"predecessor-version":[{"id":612,"href":"https:\/\/nebuloriabeauty.com\/de\/wp-json\/wp\/v2\/pages\/606\/revisions\/612"}],"wp:attachment":[{"href":"https:\/\/nebuloriabeauty.com\/de\/wp-json\/wp\/v2\/media?parent=606"}],"curies":[{"name":"wp","href":"https:\/\/api.w.org\/{rel}","templated":true}]}}