{"id":770,"date":"2025-03-28T17:30:01","date_gmt":"2025-03-28T17:30:01","guid":{"rendered":"https:\/\/nebuloriabeauty.com\/beispielseite\/"},"modified":"2026-04-01T12:06:55","modified_gmt":"2026-04-01T12:06:55","slug":"beispielseite","status":"publish","type":"page","link":"https:\/\/nebuloriabeauty.com\/de\/beispielseite\/","title":{"rendered":"Beispielseite"},"content":{"rendered":"\n<p>Dies ist eine Beispielseite. Sie unterscheidet sich von einem Blogpost, da sie an einer Stelle verbleibt und in Ihrer Seitennavigation (in den meisten Themen) angezeigt wird. Die meisten Menschen beginnen mit einer About-Seite, die sie potenziellen Website-Besuchern vorstellt. Sie k\u00f6nnte in etwa so lauten:   <\/p>\n\n<blockquote class=\"wp-block-quote is-layout-flow wp-block-quote-is-layout-flow\"><p>Hallo hier! I&#8217;m a bike messenger by day, aspiring actor by night, and this is my website. Ich lebe in Los Angeles, habe einen gro\u00dfen Hund namens Jack und mag Pina Coladas (und gettin&#8216; caught in the rain).   <\/p><\/blockquote>\n\n<p>&#8230;oder etwas \u00c4hnliches:<\/p>\n\n<blockquote class=\"wp-block-quote is-layout-flow wp-block-quote-is-layout-flow\"><p>Die XYZ Doohickey Company wurde 1971 gegr\u00fcndet und bietet der \u00d6ffentlichkeit seither qualitativ hochwertige Doohickeys an. XYZ hat seinen Sitz in Gotham City und besch\u00e4ftigt \u00fcber 2.000 Mitarbeiter, die alle m\u00f6glichen wunderbaren Dinge f\u00fcr die Gotham-Gemeinschaft tun. <\/p><\/blockquote>\n\n<p>Als neuer WordPress-Benutzer sollten Sie zu <a href=\"https:\/\/nebuloriabeauty.com\/wp-admin\/\">Ihrem Dashboard<\/a> gehen, um diese Seite zu l\u00f6schen und neue Seiten f\u00fcr Ihre Inhalte zu erstellen. Viel Spa\u00df! <\/p>\n","protected":false},"excerpt":{"rendered":"<p>Dies ist eine Beispielseite. Sie unterscheidet sich von einem Blogpost, da sie an einer Stelle verbleibt und in Ihrer Seitennavigation (in den meisten Themen) angezeigt wird. Die meisten Menschen beginnen mit einer About-Seite, die sie potenziellen Website-Besuchern vorstellt. Sie k\u00f6nnte in etwa so lauten: Hallo hier! I&#8217;m a bike messenger by day, aspiring actor by [&hellip;]<\/p>\n","protected":false},"author":1,"featured_media":0,"parent":0,"menu_order":0,"comment_status":"closed","ping_status":"open","template":"","meta":{"footnotes":""},"class_list":["post-770","page","type-page","status-publish","hentry"],"yoast_head":"<!-- This site is optimized with the Yoast SEO plugin v24.8.1 - https:\/\/yoast.com\/wordpress\/plugins\/seo\/ -->\n<title>Beispielseite - NebuloriaBeauty.com%<\/title>\n<meta name=\"robots\" content=\"index, follow, max-snippet:-1, max-image-preview:large, max-video-preview:-1\" \/>\n<link rel=\"canonical\" href=\"https:\/\/nebuloriabeauty.com\/de\/beispielseite\/\" \/>\n<meta property=\"og:locale\" content=\"de_DE\" \/>\n<meta property=\"og:type\" content=\"article\" \/>\n<meta property=\"og:title\" content=\"Beispielseite - NebuloriaBeauty.com%\" \/>\n<meta property=\"og:description\" content=\"Dies ist eine Beispielseite. Sie unterscheidet sich von einem Blogpost, da sie an einer Stelle verbleibt und in Ihrer Seitennavigation (in den meisten Themen) angezeigt wird. Die meisten Menschen beginnen mit einer About-Seite, die sie potenziellen Website-Besuchern vorstellt. Sie k\u00f6nnte in etwa so lauten: Hallo hier! I&#8217;m a bike messenger by day, aspiring actor by [&hellip;]\" \/>\n<meta property=\"og:url\" content=\"https:\/\/nebuloriabeauty.com\/de\/beispielseite\/\" \/>\n<meta property=\"og:site_name\" content=\"NebuloriaBeauty.com\" \/>\n<meta property=\"article:modified_time\" content=\"2026-04-01T12:06:55+00:00\" \/>\n<meta name=\"twitter:card\" content=\"summary_large_image\" \/>\n<meta name=\"twitter:label1\" content=\"Gesch\u00e4tzte Lesezeit\" \/>\n\t<meta name=\"twitter:data1\" content=\"1\u00a0Minute\" \/>\n<script type=\"application\/ld+json\" class=\"yoast-schema-graph\">{\"@context\":\"https:\/\/schema.org\",\"@graph\":[{\"@type\":\"WebPage\",\"@id\":\"https:\/\/nebuloriabeauty.com\/de\/beispielseite\/\",\"url\":\"https:\/\/nebuloriabeauty.com\/de\/beispielseite\/\",\"name\":\"Beispielseite - NebuloriaBeauty.com%\",\"isPartOf\":{\"@id\":\"https:\/\/nebuloriabeauty.com\/de\/#website\"},\"datePublished\":\"2025-03-28T17:30:01+00:00\",\"dateModified\":\"2026-04-01T12:06:55+00:00\",\"breadcrumb\":{\"@id\":\"https:\/\/nebuloriabeauty.com\/de\/beispielseite\/#breadcrumb\"},\"inLanguage\":\"de\",\"potentialAction\":[{\"@type\":\"ReadAction\",\"target\":[\"https:\/\/nebuloriabeauty.com\/de\/beispielseite\/\"]}]},{\"@type\":\"BreadcrumbList\",\"@id\":\"https:\/\/nebuloriabeauty.com\/de\/beispielseite\/#breadcrumb\",\"itemListElement\":[{\"@type\":\"ListItem\",\"position\":1,\"name\":\"Startseite\",\"item\":\"https:\/\/nebuloriabeauty.com\/de\/nebuloriabeauty\/\"},{\"@type\":\"ListItem\",\"position\":2,\"name\":\"Beispielseite\"}]},{\"@type\":\"WebSite\",\"@id\":\"https:\/\/nebuloriabeauty.com\/de\/#website\",\"url\":\"https:\/\/nebuloriabeauty.com\/de\/\",\"name\":\"NebuloriaBeauty.com\",\"description\":\"Mein WordPress-Blog\",\"publisher\":{\"@id\":\"https:\/\/nebuloriabeauty.com\/de\/#organization\"},\"potentialAction\":[{\"@type\":\"SearchAction\",\"target\":{\"@type\":\"EntryPoint\",\"urlTemplate\":\"https:\/\/nebuloriabeauty.com\/de\/?s={search_term_string}\"},\"query-input\":{\"@type\":\"PropertyValueSpecification\",\"valueRequired\":true,\"valueName\":\"search_term_string\"}}],\"inLanguage\":\"de\"},{\"@type\":\"Organization\",\"@id\":\"https:\/\/nebuloriabeauty.com\/de\/#organization\",\"name\":\"NebuloriaBeauty.com\",\"url\":\"https:\/\/nebuloriabeauty.com\/de\/\",\"logo\":{\"@type\":\"ImageObject\",\"inLanguage\":\"de\",\"@id\":\"https:\/\/nebuloriabeauty.com\/de\/#\/schema\/logo\/image\/\",\"url\":\"https:\/\/nebuloriabeauty.com\/wp-content\/uploads\/2025\/04\/cropped-Beautyfly.png\",\"contentUrl\":\"https:\/\/nebuloriabeauty.com\/wp-content\/uploads\/2025\/04\/cropped-Beautyfly.png\",\"width\":384,\"height\":153,\"caption\":\"NebuloriaBeauty.com\"},\"image\":{\"@id\":\"https:\/\/nebuloriabeauty.com\/de\/#\/schema\/logo\/image\/\"}}]}<\/script>\n<!-- \/ Yoast SEO plugin. -->","yoast_head_json":{"title":"Beispielseite - NebuloriaBeauty.com%","robots":{"index":"index","follow":"follow","max-snippet":"max-snippet:-1","max-image-preview":"max-image-preview:large","max-video-preview":"max-video-preview:-1"},"canonical":"https:\/\/nebuloriabeauty.com\/de\/beispielseite\/","og_locale":"de_DE","og_type":"article","og_title":"Beispielseite - NebuloriaBeauty.com%","og_description":"Dies ist eine Beispielseite. Sie unterscheidet sich von einem Blogpost, da sie an einer Stelle verbleibt und in Ihrer Seitennavigation (in den meisten Themen) angezeigt wird. Die meisten Menschen beginnen mit einer About-Seite, die sie potenziellen Website-Besuchern vorstellt. Sie k\u00f6nnte in etwa so lauten: Hallo hier! I&#8217;m a bike messenger by day, aspiring actor by [&hellip;]","og_url":"https:\/\/nebuloriabeauty.com\/de\/beispielseite\/","og_site_name":"NebuloriaBeauty.com","article_modified_time":"2026-04-01T12:06:55+00:00","twitter_card":"summary_large_image","twitter_misc":{"Gesch\u00e4tzte Lesezeit":"1\u00a0Minute"},"schema":{"@context":"https:\/\/schema.org","@graph":[{"@type":"WebPage","@id":"https:\/\/nebuloriabeauty.com\/de\/beispielseite\/","url":"https:\/\/nebuloriabeauty.com\/de\/beispielseite\/","name":"Beispielseite - NebuloriaBeauty.com%","isPartOf":{"@id":"https:\/\/nebuloriabeauty.com\/de\/#website"},"datePublished":"2025-03-28T17:30:01+00:00","dateModified":"2026-04-01T12:06:55+00:00","breadcrumb":{"@id":"https:\/\/nebuloriabeauty.com\/de\/beispielseite\/#breadcrumb"},"inLanguage":"de","potentialAction":[{"@type":"ReadAction","target":["https:\/\/nebuloriabeauty.com\/de\/beispielseite\/"]}]},{"@type":"BreadcrumbList","@id":"https:\/\/nebuloriabeauty.com\/de\/beispielseite\/#breadcrumb","itemListElement":[{"@type":"ListItem","position":1,"name":"Startseite","item":"https:\/\/nebuloriabeauty.com\/de\/nebuloriabeauty\/"},{"@type":"ListItem","position":2,"name":"Beispielseite"}]},{"@type":"WebSite","@id":"https:\/\/nebuloriabeauty.com\/de\/#website","url":"https:\/\/nebuloriabeauty.com\/de\/","name":"NebuloriaBeauty.com","description":"Mein WordPress-Blog","publisher":{"@id":"https:\/\/nebuloriabeauty.com\/de\/#organization"},"potentialAction":[{"@type":"SearchAction","target":{"@type":"EntryPoint","urlTemplate":"https:\/\/nebuloriabeauty.com\/de\/?s={search_term_string}"},"query-input":{"@type":"PropertyValueSpecification","valueRequired":true,"valueName":"search_term_string"}}],"inLanguage":"de"},{"@type":"Organization","@id":"https:\/\/nebuloriabeauty.com\/de\/#organization","name":"NebuloriaBeauty.com","url":"https:\/\/nebuloriabeauty.com\/de\/","logo":{"@type":"ImageObject","inLanguage":"de","@id":"https:\/\/nebuloriabeauty.com\/de\/#\/schema\/logo\/image\/","url":"https:\/\/nebuloriabeauty.com\/wp-content\/uploads\/2025\/04\/cropped-Beautyfly.png","contentUrl":"https:\/\/nebuloriabeauty.com\/wp-content\/uploads\/2025\/04\/cropped-Beautyfly.png","width":384,"height":153,"caption":"NebuloriaBeauty.com"},"image":{"@id":"https:\/\/nebuloriabeauty.com\/de\/#\/schema\/logo\/image\/"}}]}},"_links":{"self":[{"href":"https:\/\/nebuloriabeauty.com\/de\/wp-json\/wp\/v2\/pages\/770","targetHints":{"allow":["GET"]}}],"collection":[{"href":"https:\/\/nebuloriabeauty.com\/de\/wp-json\/wp\/v2\/pages"}],"about":[{"href":"https:\/\/nebuloriabeauty.com\/de\/wp-json\/wp\/v2\/types\/page"}],"author":[{"embeddable":true,"href":"https:\/\/nebuloriabeauty.com\/de\/wp-json\/wp\/v2\/users\/1"}],"replies":[{"embeddable":true,"href":"https:\/\/nebuloriabeauty.com\/de\/wp-json\/wp\/v2\/comments?post=770"}],"version-history":[{"count":1,"href":"https:\/\/nebuloriabeauty.com\/de\/wp-json\/wp\/v2\/pages\/770\/revisions"}],"predecessor-version":[{"id":771,"href":"https:\/\/nebuloriabeauty.com\/de\/wp-json\/wp\/v2\/pages\/770\/revisions\/771"}],"wp:attachment":[{"href":"https:\/\/nebuloriabeauty.com\/de\/wp-json\/wp\/v2\/media?parent=770"}],"curies":[{"name":"wp","href":"https:\/\/api.w.org\/{rel}","templated":true}]}}