{"id":610,"date":"2025-04-04T07:22:20","date_gmt":"2025-04-04T07:22:20","guid":{"rendered":"https:\/\/nebuloriabeauty.com\/informacion-legal\/"},"modified":"2026-04-01T12:05:33","modified_gmt":"2026-04-01T12:05:33","slug":"informacion-legal","status":"publish","type":"page","link":"https:\/\/nebuloriabeauty.com\/es\/informacion-legal\/","title":{"rendered":"Informaci\u00f3n legal"},"content":{"rendered":"\t\t<div data-elementor-type=\"wp-page\" data-elementor-id=\"610\" class=\"elementor elementor-610 elementor-14\" data-elementor-post-type=\"page\">\n\t\t\t\t<div class=\"elementor-element elementor-element-9a900d6 e-flex e-con-boxed e-con e-parent\" data-id=\"9a900d6\" data-element_type=\"container\" data-settings=\"{&quot;background_background&quot;:&quot;classic&quot;}\">\n\t\t\t\t\t<div class=\"e-con-inner\">\n\t\t<div class=\"elementor-element elementor-element-b101498 e-flex e-con-boxed e-con e-child\" data-id=\"b101498\" data-element_type=\"container\" data-settings=\"{&quot;background_background&quot;:&quot;classic&quot;}\">\n\t\t\t\t\t<div class=\"e-con-inner\">\n\t\t<div class=\"elementor-element elementor-element-ab33a90 e-flex e-con-boxed e-con e-child\" data-id=\"ab33a90\" data-element_type=\"container\">\n\t\t\t\t\t<div class=\"e-con-inner\">\n\t\t<div class=\"elementor-element elementor-element-5185449 e-con-full e-flex e-con e-child\" data-id=\"5185449\" data-element_type=\"container\">\n\t\t\t\t<div class=\"elementor-element elementor-element-6ce11f2 elementor-widget elementor-widget-heading\" data-id=\"6ce11f2\" data-element_type=\"widget\" data-widget_type=\"heading.default\">\n\t\t\t\t<div class=\"elementor-widget-container\">\n\t\t\t\t\t<h1 class=\"elementor-heading-title elementor-size-default\">Informaci\u00f3n legal\n<\/h1>\t\t\t\t<\/div>\n\t\t\t\t<\/div>\n\t\t\t\t<\/div>\n\t\t\t\t\t<\/div>\n\t\t\t\t<\/div>\n\t\t<div class=\"elementor-element elementor-element-324a905 e-con-full animated-slow e-flex elementor-invisible e-con e-child\" data-id=\"324a905\" data-element_type=\"container\" data-settings=\"{&quot;background_background&quot;:&quot;classic&quot;,&quot;animation&quot;:&quot;fadeIn&quot;}\">\n\t\t\t\t<div class=\"elementor-element elementor-element-8588558 elementor-widget elementor-widget-image\" data-id=\"8588558\" data-element_type=\"widget\" data-widget_type=\"image.default\">\n\t\t\t\t<div class=\"elementor-widget-container\">\n\t\t\t\t\t\t\t\t\t\t\t\t\t\t\t<img fetchpriority=\"high\" decoding=\"async\" width=\"800\" height=\"837\" src=\"https:\/\/nebuloriabeauty.com\/wp-content\/uploads\/2025\/04\/Dokum-view-1-979x1024.jpg\" class=\"attachment-large size-large wp-image-613\" alt=\"\" srcset=\"https:\/\/nebuloriabeauty.com\/wp-content\/uploads\/2025\/04\/Dokum-view-1-979x1024.jpg 979w, https:\/\/nebuloriabeauty.com\/wp-content\/uploads\/2025\/04\/Dokum-view-1-287x300.jpg 287w, https:\/\/nebuloriabeauty.com\/wp-content\/uploads\/2025\/04\/Dokum-view-1-768x804.jpg 768w, https:\/\/nebuloriabeauty.com\/wp-content\/uploads\/2025\/04\/Dokum-view-1-1468x1536.jpg 1468w, https:\/\/nebuloriabeauty.com\/wp-content\/uploads\/2025\/04\/Dokum-view-1-1957x2048.jpg 1957w\" sizes=\"(max-width: 800px) 100vw, 800px\" \/>\t\t\t\t\t\t\t\t\t\t\t\t\t\t\t<\/div>\n\t\t\t\t<\/div>\n\t\t\t\t<\/div>\n\t\t\t\t\t<\/div>\n\t\t\t\t<\/div>\n\t\t\t\t\t<\/div>\n\t\t\t\t<\/div>\n\t\t<div class=\"elementor-element elementor-element-cdccf18 e-flex e-con-boxed e-con e-parent\" data-id=\"cdccf18\" data-element_type=\"container\" data-settings=\"{&quot;background_background&quot;:&quot;classic&quot;}\">\n\t\t\t\t\t<div class=\"e-con-inner\">\n\t\t<div class=\"elementor-element elementor-element-18c4871 e-flex e-con-boxed e-con e-child\" data-id=\"18c4871\" data-element_type=\"container\" data-settings=\"{&quot;background_background&quot;:&quot;classic&quot;}\">\n\t\t\t\t\t<div class=\"e-con-inner\">\n\t\t\t\t<div class=\"elementor-element elementor-element-48f653c elementor-widget elementor-widget-heading\" data-id=\"48f653c\" data-element_type=\"widget\" data-widget_type=\"heading.default\">\n\t\t\t\t<div class=\"elementor-widget-container\">\n\t\t\t\t\t<h2 class=\"elementor-heading-title elementor-size-default\">1. Informaci\u00f3n legal<\/h2>\t\t\t\t<\/div>\n\t\t\t\t<\/div>\n\t\t\t\t<div class=\"elementor-element elementor-element-188956d elementor-widget elementor-widget-text-editor\" data-id=\"188956d\" data-element_type=\"widget\" data-widget_type=\"text-editor.default\">\n\t\t\t\t<div class=\"elementor-widget-container\">\n\t\t\t\t\t\t\t\t\t<p>De conformidad con las disposiciones de los art\u00edculos 6-III y 19 de la Ley francesa sobre la confianza en la econom\u00eda digital, te informamos de que este sitio web est\u00e1 alojado en :<\/p><p>OVH SAS con un capital de 10.069.020 euros<\/p><p>RCS Lille M\u00e9tropole 424 761 419 00045<\/p><p>C\u00f3digo APE 2620Z<\/p><p>N\u00daMERO DE IVA: FR 22 424 761 419<\/p><p>Domicilio social: 2 rue Kellermann &#8211; 59100 Roubaix &#8211; Francia<\/p>\t\t\t\t\t\t\t\t<\/div>\n\t\t\t\t<\/div>\n\t\t\t\t<div class=\"elementor-element elementor-element-48d7276 elementor-widget elementor-widget-heading\" data-id=\"48d7276\" data-element_type=\"widget\" data-widget_type=\"heading.default\">\n\t\t\t\t<div class=\"elementor-widget-container\">\n\t\t\t\t\t<h3 class=\"elementor-heading-title elementor-size-default\">2. Derechos de autor y propiedad intelectual<\/h3>\t\t\t\t<\/div>\n\t\t\t\t<\/div>\n\t\t\t\t<div class=\"elementor-element elementor-element-53abbec elementor-widget elementor-widget-text-editor\" data-id=\"53abbec\" data-element_type=\"widget\" data-widget_type=\"text-editor.default\">\n\t\t\t\t<div class=\"elementor-widget-container\">\n\t\t\t\t\t\t\t\t\tTodos los art\u00edculos de nuestro sitio est\u00e1n protegidos por las disposiciones del C\u00f3digo de la Propiedad Intelectual franc\u00e9s. En consecuencia, queda prohibida su reproducci\u00f3n total o parcial, as\u00ed como su imitaci\u00f3n, sin nuestro consentimiento expreso previo y por escrito.\n\nEst\u00e1 estrictamente prohibido recopilar y utilizar la informaci\u00f3n disponible en el sitio con fines comerciales.\n\nEsta prohibici\u00f3n incluye, entre otros, todos los elementos editoriales que aparecen en el sitio, la presentaci\u00f3n de pantallas, el software necesario para el funcionamiento, logotipos, im\u00e1genes, fotos y gr\u00e1ficos de cualquier tipo.\t\t\t\t\t\t\t\t<\/div>\n\t\t\t\t<\/div>\n\t\t\t\t<div class=\"elementor-element elementor-element-4bb3e15 elementor-widget elementor-widget-heading\" data-id=\"4bb3e15\" data-element_type=\"widget\" data-widget_type=\"heading.default\">\n\t\t\t\t<div class=\"elementor-widget-container\">\n\t\t\t\t\t<h3 class=\"elementor-heading-title elementor-size-default\">3. Cookies<\/h3>\t\t\t\t<\/div>\n\t\t\t\t<\/div>\n\t\t\t\t<div class=\"elementor-element elementor-element-b4b1347 elementor-widget elementor-widget-text-editor\" data-id=\"b4b1347\" data-element_type=\"widget\" data-widget_type=\"text-editor.default\">\n\t\t\t\t<div class=\"elementor-widget-container\">\n\t\t\t\t\t\t\t\t\tEste sitio web utiliza cookies, y el servidor web recoge informaci\u00f3n sobre c\u00f3mo se utiliza nuestro sitio. La informaci\u00f3n recogida incluye, por ejemplo, la fecha y hora de las visitas, el n\u00famero de p\u00e1ginas vistas y el tiempo pasado en nuestro sitio. La informaci\u00f3n recopilada no se utilizar\u00e1 para ning\u00fan otro fin y, en particular, no se utilizar\u00e1 con fines comerciales sin tu permiso. Las cookies son peque\u00f1os archivos de texto que incluyen un identificador an\u00f3nimo. Cuando visitas un sitio web, el sitio pide permiso a tu ordenador para guardar este archivo en un directorio de tu disco duro dedicado a las cookies. Cada sitio puede guardar su propia cookie si la configuraci\u00f3n de tu navegador lo permite, pero para proteger tu privacidad, tu navegador s\u00f3lo permite que un sitio acceda a la cookie que ha guardado, y no a las cookies guardadas por otros sitios.\t\t\t\t\t\t\t\t<\/div>\n\t\t\t\t<\/div>\n\t\t\t\t\t<\/div>\n\t\t\t\t<\/div>\n\t\t\t\t<div class=\"elementor-element elementor-element-c856a42 elementor-widget elementor-widget-html\" data-id=\"c856a42\" data-element_type=\"widget\" data-widget_type=\"html.default\">\n\t\t\t\t<div class=\"elementor-widget-container\">\n\t\t\t\t\t<!-- f1ee1b055fb37960f382521608d21785 -->\t\t\t\t<\/div>\n\t\t\t\t<\/div>\n\t\t\t\t\t<\/div>\n\t\t\t\t<\/div>\n\t\t\t\t<\/div>\n\t\t","protected":false},"excerpt":{"rendered":"<p>Informaci\u00f3n legal 1. Informaci\u00f3n legal De conformidad con las disposiciones de los art\u00edculos 6-III y 19 de la Ley francesa sobre la confianza en la econom\u00eda digital, te informamos de que este sitio web est\u00e1 alojado en : OVH SAS con un capital de 10.069.020 euros RCS Lille M\u00e9tropole 424 761 419 00045 C\u00f3digo APE [&hellip;]<\/p>\n","protected":false},"author":2,"featured_media":0,"parent":0,"menu_order":0,"comment_status":"closed","ping_status":"closed","template":"","meta":{"footnotes":""},"class_list":["post-610","page","type-page","status-publish","hentry"],"yoast_head":"<!-- This site is optimized with the Yoast SEO plugin v24.8.1 - https:\/\/yoast.com\/wordpress\/plugins\/seo\/ -->\n<title>Informaci\u00f3n legal - %<\/title>\n<meta name=\"robots\" content=\"noindex, nofollow\" \/>\n<meta property=\"og:locale\" content=\"es_ES\" \/>\n<meta property=\"og:type\" content=\"article\" \/>\n<meta property=\"og:title\" content=\"Informaci\u00f3n legal - %\" \/>\n<meta property=\"og:description\" content=\"Informaci\u00f3n legal 1. Informaci\u00f3n legal De conformidad con las disposiciones de los art\u00edculos 6-III y 19 de la Ley francesa sobre la confianza en la econom\u00eda digital, te informamos de que este sitio web est\u00e1 alojado en : OVH SAS con un capital de 10.069.020 euros RCS Lille M\u00e9tropole 424 761 419 00045 C\u00f3digo APE [&hellip;]\" \/>\n<meta property=\"og:url\" content=\"https:\/\/nebuloriabeauty.com\/es\/informacion-legal\/\" \/>\n<meta property=\"og:site_name\" content=\"NebuloriaBeauty.com\" \/>\n<meta property=\"article:modified_time\" content=\"2026-04-01T12:05:33+00:00\" \/>\n<meta property=\"og:image\" content=\"https:\/\/nebuloriabeauty.com\/wp-content\/uploads\/2025\/04\/Dokum-view-1.jpg\" \/>\n\t<meta property=\"og:image:width\" content=\"2389\" \/>\n\t<meta property=\"og:image:height\" content=\"2500\" \/>\n\t<meta property=\"og:image:type\" content=\"image\/jpeg\" \/>\n<meta name=\"twitter:card\" content=\"summary_large_image\" \/>\n<meta name=\"twitter:label1\" content=\"Tiempo de lectura\" \/>\n\t<meta name=\"twitter:data1\" content=\"2 minutos\" \/>\n<script type=\"application\/ld+json\" class=\"yoast-schema-graph\">{\"@context\":\"https:\/\/schema.org\",\"@graph\":[{\"@type\":\"WebPage\",\"@id\":\"https:\/\/nebuloriabeauty.com\/es\/informacion-legal\/\",\"url\":\"https:\/\/nebuloriabeauty.com\/es\/informacion-legal\/\",\"name\":\"Informaci\u00f3n legal - %\",\"isPartOf\":{\"@id\":\"https:\/\/nebuloriabeauty.com\/es\/#website\"},\"primaryImageOfPage\":{\"@id\":\"https:\/\/nebuloriabeauty.com\/es\/informacion-legal\/#primaryimage\"},\"image\":{\"@id\":\"https:\/\/nebuloriabeauty.com\/es\/informacion-legal\/#primaryimage\"},\"thumbnailUrl\":\"https:\/\/nebuloriabeauty.com\/wp-content\/uploads\/2025\/04\/Dokum-view-1-979x1024.jpg\",\"datePublished\":\"2025-04-04T07:22:20+00:00\",\"dateModified\":\"2026-04-01T12:05:33+00:00\",\"breadcrumb\":{\"@id\":\"https:\/\/nebuloriabeauty.com\/es\/informacion-legal\/#breadcrumb\"},\"inLanguage\":\"es\",\"potentialAction\":[{\"@type\":\"ReadAction\",\"target\":[\"https:\/\/nebuloriabeauty.com\/es\/informacion-legal\/\"]}]},{\"@type\":\"ImageObject\",\"inLanguage\":\"es\",\"@id\":\"https:\/\/nebuloriabeauty.com\/es\/informacion-legal\/#primaryimage\",\"url\":\"https:\/\/nebuloriabeauty.com\/wp-content\/uploads\/2025\/04\/Dokum-view-1-979x1024.jpg\",\"contentUrl\":\"https:\/\/nebuloriabeauty.com\/wp-content\/uploads\/2025\/04\/Dokum-view-1-979x1024.jpg\"},{\"@type\":\"BreadcrumbList\",\"@id\":\"https:\/\/nebuloriabeauty.com\/es\/informacion-legal\/#breadcrumb\",\"itemListElement\":[{\"@type\":\"ListItem\",\"position\":1,\"name\":\"Inicio\",\"item\":\"https:\/\/nebuloriabeauty.com\/es\/nebuloriabeauty\/\"},{\"@type\":\"ListItem\",\"position\":2,\"name\":\"Informaci\u00f3n legal\"}]},{\"@type\":\"WebSite\",\"@id\":\"https:\/\/nebuloriabeauty.com\/es\/#website\",\"url\":\"https:\/\/nebuloriabeauty.com\/es\/\",\"name\":\"NebuloriaBeauty.com\",\"description\":\"Mi blog de WordPress\",\"publisher\":{\"@id\":\"https:\/\/nebuloriabeauty.com\/es\/#organization\"},\"potentialAction\":[{\"@type\":\"SearchAction\",\"target\":{\"@type\":\"EntryPoint\",\"urlTemplate\":\"https:\/\/nebuloriabeauty.com\/es\/?s={search_term_string}\"},\"query-input\":{\"@type\":\"PropertyValueSpecification\",\"valueRequired\":true,\"valueName\":\"search_term_string\"}}],\"inLanguage\":\"es\"},{\"@type\":\"Organization\",\"@id\":\"https:\/\/nebuloriabeauty.com\/es\/#organization\",\"name\":\"NebuloriaBeauty.com\",\"url\":\"https:\/\/nebuloriabeauty.com\/es\/\",\"logo\":{\"@type\":\"ImageObject\",\"inLanguage\":\"es\",\"@id\":\"https:\/\/nebuloriabeauty.com\/es\/#\/schema\/logo\/image\/\",\"url\":\"https:\/\/nebuloriabeauty.com\/wp-content\/uploads\/2025\/04\/cropped-Beautyfly.png\",\"contentUrl\":\"https:\/\/nebuloriabeauty.com\/wp-content\/uploads\/2025\/04\/cropped-Beautyfly.png\",\"width\":384,\"height\":153,\"caption\":\"NebuloriaBeauty.com\"},\"image\":{\"@id\":\"https:\/\/nebuloriabeauty.com\/es\/#\/schema\/logo\/image\/\"}}]}<\/script>\n<!-- \/ Yoast SEO plugin. -->","yoast_head_json":{"title":"Informaci\u00f3n legal - %","robots":{"index":"noindex","follow":"nofollow"},"og_locale":"es_ES","og_type":"article","og_title":"Informaci\u00f3n legal - %","og_description":"Informaci\u00f3n legal 1. Informaci\u00f3n legal De conformidad con las disposiciones de los art\u00edculos 6-III y 19 de la Ley francesa sobre la confianza en la econom\u00eda digital, te informamos de que este sitio web est\u00e1 alojado en : OVH SAS con un capital de 10.069.020 euros RCS Lille M\u00e9tropole 424 761 419 00045 C\u00f3digo APE [&hellip;]","og_url":"https:\/\/nebuloriabeauty.com\/es\/informacion-legal\/","og_site_name":"NebuloriaBeauty.com","article_modified_time":"2026-04-01T12:05:33+00:00","og_image":[{"width":2389,"height":2500,"url":"https:\/\/nebuloriabeauty.com\/wp-content\/uploads\/2025\/04\/Dokum-view-1.jpg","type":"image\/jpeg"}],"twitter_card":"summary_large_image","twitter_misc":{"Tiempo de lectura":"2 minutos"},"schema":{"@context":"https:\/\/schema.org","@graph":[{"@type":"WebPage","@id":"https:\/\/nebuloriabeauty.com\/es\/informacion-legal\/","url":"https:\/\/nebuloriabeauty.com\/es\/informacion-legal\/","name":"Informaci\u00f3n legal - %","isPartOf":{"@id":"https:\/\/nebuloriabeauty.com\/es\/#website"},"primaryImageOfPage":{"@id":"https:\/\/nebuloriabeauty.com\/es\/informacion-legal\/#primaryimage"},"image":{"@id":"https:\/\/nebuloriabeauty.com\/es\/informacion-legal\/#primaryimage"},"thumbnailUrl":"https:\/\/nebuloriabeauty.com\/wp-content\/uploads\/2025\/04\/Dokum-view-1-979x1024.jpg","datePublished":"2025-04-04T07:22:20+00:00","dateModified":"2026-04-01T12:05:33+00:00","breadcrumb":{"@id":"https:\/\/nebuloriabeauty.com\/es\/informacion-legal\/#breadcrumb"},"inLanguage":"es","potentialAction":[{"@type":"ReadAction","target":["https:\/\/nebuloriabeauty.com\/es\/informacion-legal\/"]}]},{"@type":"ImageObject","inLanguage":"es","@id":"https:\/\/nebuloriabeauty.com\/es\/informacion-legal\/#primaryimage","url":"https:\/\/nebuloriabeauty.com\/wp-content\/uploads\/2025\/04\/Dokum-view-1-979x1024.jpg","contentUrl":"https:\/\/nebuloriabeauty.com\/wp-content\/uploads\/2025\/04\/Dokum-view-1-979x1024.jpg"},{"@type":"BreadcrumbList","@id":"https:\/\/nebuloriabeauty.com\/es\/informacion-legal\/#breadcrumb","itemListElement":[{"@type":"ListItem","position":1,"name":"Inicio","item":"https:\/\/nebuloriabeauty.com\/es\/nebuloriabeauty\/"},{"@type":"ListItem","position":2,"name":"Informaci\u00f3n legal"}]},{"@type":"WebSite","@id":"https:\/\/nebuloriabeauty.com\/es\/#website","url":"https:\/\/nebuloriabeauty.com\/es\/","name":"NebuloriaBeauty.com","description":"Mi blog de WordPress","publisher":{"@id":"https:\/\/nebuloriabeauty.com\/es\/#organization"},"potentialAction":[{"@type":"SearchAction","target":{"@type":"EntryPoint","urlTemplate":"https:\/\/nebuloriabeauty.com\/es\/?s={search_term_string}"},"query-input":{"@type":"PropertyValueSpecification","valueRequired":true,"valueName":"search_term_string"}}],"inLanguage":"es"},{"@type":"Organization","@id":"https:\/\/nebuloriabeauty.com\/es\/#organization","name":"NebuloriaBeauty.com","url":"https:\/\/nebuloriabeauty.com\/es\/","logo":{"@type":"ImageObject","inLanguage":"es","@id":"https:\/\/nebuloriabeauty.com\/es\/#\/schema\/logo\/image\/","url":"https:\/\/nebuloriabeauty.com\/wp-content\/uploads\/2025\/04\/cropped-Beautyfly.png","contentUrl":"https:\/\/nebuloriabeauty.com\/wp-content\/uploads\/2025\/04\/cropped-Beautyfly.png","width":384,"height":153,"caption":"NebuloriaBeauty.com"},"image":{"@id":"https:\/\/nebuloriabeauty.com\/es\/#\/schema\/logo\/image\/"}}]}},"_links":{"self":[{"href":"https:\/\/nebuloriabeauty.com\/es\/wp-json\/wp\/v2\/pages\/610","targetHints":{"allow":["GET"]}}],"collection":[{"href":"https:\/\/nebuloriabeauty.com\/es\/wp-json\/wp\/v2\/pages"}],"about":[{"href":"https:\/\/nebuloriabeauty.com\/es\/wp-json\/wp\/v2\/types\/page"}],"author":[{"embeddable":true,"href":"https:\/\/nebuloriabeauty.com\/es\/wp-json\/wp\/v2\/users\/2"}],"replies":[{"embeddable":true,"href":"https:\/\/nebuloriabeauty.com\/es\/wp-json\/wp\/v2\/comments?post=610"}],"version-history":[{"count":1,"href":"https:\/\/nebuloriabeauty.com\/es\/wp-json\/wp\/v2\/pages\/610\/revisions"}],"predecessor-version":[{"id":614,"href":"https:\/\/nebuloriabeauty.com\/es\/wp-json\/wp\/v2\/pages\/610\/revisions\/614"}],"wp:attachment":[{"href":"https:\/\/nebuloriabeauty.com\/es\/wp-json\/wp\/v2\/media?parent=610"}],"curies":[{"name":"wp","href":"https:\/\/api.w.org\/{rel}","templated":true}]}}